{"id":1995,"date":"2025-09-02T09:46:41","date_gmt":"2025-09-02T09:46:41","guid":{"rendered":"https:\/\/ideejazz.ee\/?page_id=1995"},"modified":"2025-10-12T10:28:59","modified_gmt":"2025-10-12T10:28:59","slug":"tartu","status":"publish","type":"page","link":"https:\/\/ideejazz.ee\/en\/tartu\/","title":{"rendered":"Tartu"},"content":{"rendered":"<div data-elementor-type=\"wp-post\" data-elementor-id=\"1995\" class=\"elementor elementor-1995\" data-elementor-post-type=\"page\">\n\t\t\t\t\t\t<section class=\"elementor-section elementor-top-section elementor-element elementor-element-8e491de elementor-section-content-middle elementor-section-boxed elementor-section-height-default elementor-section-height-default\" data-id=\"8e491de\" data-element_type=\"section\" data-e-type=\"section\" data-settings=\"{&quot;background_background&quot;:&quot;classic&quot;}\">\n\t\t\t\t\t\t\t<div class=\"elementor-background-overlay\"><\/div>\n\t\t\t\t\t\t\t<div class=\"elementor-container elementor-column-gap-no\">\n\t\t\t\t\t<div class=\"elementor-column elementor-col-100 elementor-top-column elementor-element elementor-element-fb027eb\" data-id=\"fb027eb\" data-element_type=\"column\" data-e-type=\"column\">\n\t\t\t<div class=\"elementor-widget-wrap elementor-element-populated\">\n\t\t\t\t\t\t<div class=\"elementor-element elementor-element-ec08629 elementor-hidden-desktop elementor-hidden-tablet elementor-widget elementor-widget-spacer\" data-id=\"ec08629\" data-element_type=\"widget\" data-e-type=\"widget\" data-widget_type=\"spacer.default\">\n\t\t\t\t<div class=\"elementor-widget-container\">\n\t\t\t\t\t\t\t<div class=\"elementor-spacer\">\n\t\t\t<div class=\"elementor-spacer-inner\"><\/div>\n\t\t<\/div>\n\t\t\t\t\t\t<\/div>\n\t\t\t\t<\/div>\n\t\t\t\t\t<\/div>\n\t\t<\/div>\n\t\t\t\t\t<\/div>\n\t\t<\/section>\n\t\t\t\t<section class=\"elementor-section elementor-top-section elementor-element elementor-element-9ab244a elementor-section-boxed elementor-section-height-default elementor-section-height-default\" data-id=\"9ab244a\" data-element_type=\"section\" data-e-type=\"section\">\n\t\t\t\t\t\t<div class=\"elementor-container elementor-column-gap-default\">\n\t\t\t\t\t<div class=\"elementor-column elementor-col-100 elementor-top-column elementor-element elementor-element-c56fcc7\" data-id=\"c56fcc7\" data-element_type=\"column\" data-e-type=\"column\">\n\t\t\t<div class=\"elementor-widget-wrap elementor-element-populated\">\n\t\t\t\t\t\t<div class=\"elementor-element elementor-element-b288b7a elementor-widget elementor-widget-spacer\" data-id=\"b288b7a\" data-element_type=\"widget\" data-e-type=\"widget\" data-widget_type=\"spacer.default\">\n\t\t\t\t<div class=\"elementor-widget-container\">\n\t\t\t\t\t\t\t<div class=\"elementor-spacer\">\n\t\t\t<div class=\"elementor-spacer-inner\"><\/div>\n\t\t<\/div>\n\t\t\t\t\t\t<\/div>\n\t\t\t\t<\/div>\n\t\t\t\t<div class=\"elementor-element elementor-element-c1d2283 elementor-widget elementor-widget-text-editor\" data-id=\"c1d2283\" data-element_type=\"widget\" data-e-type=\"widget\" data-widget_type=\"text-editor.default\">\n\t\t\t\t<div class=\"elementor-widget-container\">\n\t\t\t\t\t\t\t\t\t<p><span style=\"font-weight: 400;\">iDeeJazzi Tartu kontserdid toimuvad t\u00e4navu erilises s\u00fcndmuspaigas &#8211; Elleri kooli kaunis ja kaasaegses <\/span><b>Tubina saalis<\/b><span style=\"font-weight: 400;\">! Kolmel j\u00e4rjestikusel p\u00e4eval astuvad festivali lavale \u00e4gedad jazzartistid <\/span><b>Eestist, Poolast, Saksamaalt, Prantsusmaalt ja Luxemburgist<\/b><span style=\"font-weight: 400;\">.<\/span><\/p><p><span style=\"font-weight: 400;\">Viieteistk\u00fcmnes iDeeJazz algab m\u00e4rgilisel moel sellest, millest see kunagi alguse on saanud, ehk noorte muusikute m\u00e4ngur\u00f5\u00f5mustt! 29. oktoobril kuulame festivali kavas <\/span><b>Elleri kooli<\/b><span style=\"font-weight: 400;\"> ja <\/span><b>MUBA<\/b><span style=\"font-weight: 400;\"> tudengite ansamblite p\u00f5nevat \u00fchiskontserti!<\/span><\/p><p><span style=\"font-weight: 400;\">Ning juba 30-31 oktoobril toovad festivali publikule ette oma mitmek\u00fclgse loomingu Euroopa t\u00f5elised jazzitippud!\u00a0<\/span><\/p><p><b>Kristjan Randalu ja Bodek Janke<\/b><span style=\"font-weight: 400;\"> tihedalt \u00fchte p\u00f5imunud duo muusikalises dialoogis avaldub erakordselt lai stiililine haare. M\u00f5lema muusiku ainulaadne instrumentaalne k\u00e4ekiri sulandub elegantselt energiliseks, isegi funk\u2019i m\u00f5jutustega tervikuks, mis m\u00f5jub m\u00e4rksa enamana kui pelgalt kahe osa summa.<\/span><\/p><p><b>Sing\u00fclar<\/b><span style=\"font-weight: 400;\"> ehk <\/span><b>Sebastian Studnitzky<\/b><span style=\"font-weight: 400;\">, <\/span><b>Edward Perraud<\/b><span style=\"font-weight: 400;\"> ja <\/span><b>Pascal Schumacher<\/b><span style=\"font-weight: 400;\"> moodustavad \u00fcheskoos k\u00f6itva muusikalise trio. Nad on loonud k\u00f5la, mis on \u00fchtaegu s\u00fcgavalt juurdunud traditsioonis ning samas tulevikku vaatav, keskendudes improvisatsioonile, spontaansusele ja omavahelisele suhtlusele. Nende muusika on ehe t\u00f5end koost\u00f6\u00f6 j\u00f5ust ning nende etteasted on kaasahaarav ja ettearvamatu teekond jazzi, klassikalise ja elektroonilise muusika maailmadesse.<\/span><\/p><p>Eesti jazzitippude trio <strong>Tanel Ruben \u2013 Ara Yaralyan \u2013 Rain R\u00e4mmal<\/strong> pakub v\u00e4rskeid ja \u00fcllatavaid jazziseadeid legendaarsetest 80ndate pop-hittidest. Lood, mida paljud publikust kindlasti m\u00e4letavad ja armastavad, saavad uues v\u00f5tmes \u00e4ratuntava, ent \u00fcllatava k\u00f5la. iDeeJazzi puhul tuleb lavale lisaks triole ka erik\u00fclaline, milleks on +KOOR Tartust Liisa Rahusoo dirigeerimisel.<br \/>Selle \u00e4geda ja meeleoluka kontserdiga paneme ma\u017eoorse l\u00f5ppakordi 15. iDeeJazz festivalile Tartus!<\/p><p><span style=\"font-weight: 400;\"><strong>Ajakava<\/strong>:<\/span><\/p><p><b>Tubina saal, Lossi tn 15, Tartu<\/b><\/p><p><b>29.10<\/b> <span style=\"font-weight: 400;\">kell 18:00 Elleri kooli ja MUBA jazzansamblite \u00fchiskontsert<\/span><\/p><p><b>30.10<\/b> <span style=\"font-weight: 400;\">kell 18:00 Kristjan Randalu &amp; Bodek Janke (Eesti &#8211; Poola)<\/span><\/p><p><b>31.10<\/b> <span style=\"font-weight: 400;\">kell 18:00 Sing\u00fclar (Luxemburg, Saksamaa, Prantsusmaa)<\/span><\/p><p><span style=\"font-weight: 400;\">kell 19:30 Trio Ruben &#8211; R\u00e4mmal &#8211; Yaralyan (Eesti) +KOOR<\/span><\/p>\t\t\t\t\t\t\t\t<\/div>\n\t\t\t\t<\/div>\n\t\t\t\t<div class=\"elementor-element elementor-element-3b85645 elementor-widget elementor-widget-spacer\" data-id=\"3b85645\" data-element_type=\"widget\" data-e-type=\"widget\" data-widget_type=\"spacer.default\">\n\t\t\t\t<div class=\"elementor-widget-container\">\n\t\t\t\t\t\t\t<div class=\"elementor-spacer\">\n\t\t\t<div class=\"elementor-spacer-inner\"><\/div>\n\t\t<\/div>\n\t\t\t\t\t\t<\/div>\n\t\t\t\t<\/div>\n\t\t\t\t<div class=\"elementor-element elementor-element-16d551b elementor-align-center elementor-widget elementor-widget-button\" data-id=\"16d551b\" data-element_type=\"widget\" data-e-type=\"widget\" data-widget_type=\"button.default\">\n\t\t\t\t<div class=\"elementor-widget-container\">\n\t\t\t\t\t\t\t\t\t<div class=\"elementor-button-wrapper\">\n\t\t\t\t\t<a class=\"elementor-button elementor-button-link elementor-size-sm\" href=\"https:\/\/piletikeskus.ee\/et\/e\/e5lj6b\" target=\"_blank\">\n\t\t\t\t\t\t<span class=\"elementor-button-content-wrapper\">\n\t\t\t\t\t\t\t\t\t<span class=\"elementor-button-text\">Tickets<\/span>\n\t\t\t\t\t<\/span>\n\t\t\t\t\t<\/a>\n\t\t\t\t<\/div>\n\t\t\t\t\t\t\t\t<\/div>\n\t\t\t\t<\/div>\n\t\t\t\t<div class=\"elementor-element elementor-element-8e45486 elementor-widget elementor-widget-spacer\" data-id=\"8e45486\" data-element_type=\"widget\" data-e-type=\"widget\" data-widget_type=\"spacer.default\">\n\t\t\t\t<div class=\"elementor-widget-container\">\n\t\t\t\t\t\t\t<div class=\"elementor-spacer\">\n\t\t\t<div class=\"elementor-spacer-inner\"><\/div>\n\t\t<\/div>\n\t\t\t\t\t\t<\/div>\n\t\t\t\t<\/div>\n\t\t\t\t\t<\/div>\n\t\t<\/div>\n\t\t\t\t\t<\/div>\n\t\t<\/section>\n\t\t\t\t<section class=\"elementor-section elementor-top-section elementor-element elementor-element-45cf508 elementor-section-boxed elementor-section-height-default elementor-section-height-default\" data-id=\"45cf508\" data-element_type=\"section\" data-e-type=\"section\">\n\t\t\t\t\t\t<div class=\"elementor-container elementor-column-gap-default\">\n\t\t\t\t\t<div class=\"elementor-column elementor-col-100 elementor-top-column elementor-element elementor-element-0b90b84\" data-id=\"0b90b84\" data-element_type=\"column\" data-e-type=\"column\">\n\t\t\t<div class=\"elementor-widget-wrap elementor-element-populated\">\n\t\t\t\t\t\t<div class=\"elementor-element elementor-element-c6fe0f1 elementor-widget elementor-widget-image\" data-id=\"c6fe0f1\" data-element_type=\"widget\" data-e-type=\"widget\" data-widget_type=\"image.default\">\n\t\t\t\t<div class=\"elementor-widget-container\">\n\t\t\t\t\t\t\t\t\t\t\t\t\t\t\t<img fetchpriority=\"high\" decoding=\"async\" width=\"1600\" height=\"900\" src=\"https:\/\/ideejazz.ee\/wp-content\/uploads\/2025\/10\/WhatsApp-Image-2025-10-01-at-12.02.08.jpeg\" class=\"attachment-full size-full wp-image-2145\" alt=\"\" srcset=\"https:\/\/ideejazz.ee\/wp-content\/uploads\/2025\/10\/WhatsApp-Image-2025-10-01-at-12.02.08.jpeg 1600w, https:\/\/ideejazz.ee\/wp-content\/uploads\/2025\/10\/WhatsApp-Image-2025-10-01-at-12.02.08-300x169.jpeg 300w, https:\/\/ideejazz.ee\/wp-content\/uploads\/2025\/10\/WhatsApp-Image-2025-10-01-at-12.02.08-1024x576.jpeg 1024w, https:\/\/ideejazz.ee\/wp-content\/uploads\/2025\/10\/WhatsApp-Image-2025-10-01-at-12.02.08-768x432.jpeg 768w, https:\/\/ideejazz.ee\/wp-content\/uploads\/2025\/10\/WhatsApp-Image-2025-10-01-at-12.02.08-1536x864.jpeg 1536w, https:\/\/ideejazz.ee\/wp-content\/uploads\/2025\/10\/WhatsApp-Image-2025-10-01-at-12.02.08-18x10.jpeg 18w\" sizes=\"(max-width: 1600px) 100vw, 1600px\" \/>\t\t\t\t\t\t\t\t\t\t\t\t\t\t\t<\/div>\n\t\t\t\t<\/div>\n\t\t\t\t\t<\/div>\n\t\t<\/div>\n\t\t\t\t\t<\/div>\n\t\t<\/section>\n\t\t\t\t<\/div>","protected":false},"excerpt":{"rendered":"<p>iDeeJazzi Tartu kontserdid toimuvad t\u00e4navu erilises s\u00fcndmuspaigas &#8211; Elleri kooli kaunis ja kaasaegses Tubina saalis! Kolmel j\u00e4rjestikusel p\u00e4eval astuvad festivali lavale \u00e4gedad jazzartistid Eestist, Poolast, Saksamaalt, Prantsusmaalt ja Luxemburgist. Viieteistk\u00fcmnes iDeeJazz algab m\u00e4rgilisel moel sellest, millest see kunagi alguse on saanud, ehk noorte muusikute m\u00e4ngur\u00f5\u00f5mustt! 29. oktoobril kuulame festivali kavas Elleri kooli ja MUBA tudengite [&hellip;]<\/p>\n","protected":false},"author":1,"featured_media":0,"parent":0,"menu_order":0,"comment_status":"closed","ping_status":"closed","template":"","meta":{"site-sidebar-layout":"no-sidebar","site-content-layout":"page-builder","ast-site-content-layout":"default","site-content-style":"default","site-sidebar-style":"default","ast-global-header-display":"","ast-banner-title-visibility":"","ast-main-header-display":"","ast-hfb-above-header-display":"","ast-hfb-below-header-display":"","ast-hfb-mobile-header-display":"","site-post-title":"disabled","ast-breadcrumbs-content":"","ast-featured-img":"disabled","footer-sml-layout":"","ast-disable-related-posts":"","theme-transparent-header-meta":"enabled","adv-header-id-meta":"","stick-header-meta":"","header-above-stick-meta":"","header-main-stick-meta":"","header-below-stick-meta":"","astra-migrate-meta-layouts":"default","ast-page-background-enabled":"default","ast-page-background-meta":{"desktop":{"background-color":"","background-image":"","background-repeat":"repeat","background-position":"center center","background-size":"auto","background-attachment":"scroll","background-type":"","background-media":"","overlay-type":"","overlay-color":"","overlay-opacity":"","overlay-gradient":""},"tablet":{"background-color":"","background-image":"","background-repeat":"repeat","background-position":"center center","background-size":"auto","background-attachment":"scroll","background-type":"","background-media":"","overlay-type":"","overlay-color":"","overlay-opacity":"","overlay-gradient":""},"mobile":{"background-color":"","background-image":"","background-repeat":"repeat","background-position":"center center","background-size":"auto","background-attachment":"scroll","background-type":"","background-media":"","overlay-type":"","overlay-color":"","overlay-opacity":"","overlay-gradient":""}},"ast-content-background-meta":{"desktop":{"background-color":"var(--ast-global-color-5)","background-image":"","background-repeat":"repeat","background-position":"center center","background-size":"auto","background-attachment":"scroll","background-type":"","background-media":"","overlay-type":"","overlay-color":"","overlay-opacity":"","overlay-gradient":""},"tablet":{"background-color":"var(--ast-global-color-5)","background-image":"","background-repeat":"repeat","background-position":"center center","background-size":"auto","background-attachment":"scroll","background-type":"","background-media":"","overlay-type":"","overlay-color":"","overlay-opacity":"","overlay-gradient":""},"mobile":{"background-color":"var(--ast-global-color-5)","background-image":"","background-repeat":"repeat","background-position":"center center","background-size":"auto","background-attachment":"scroll","background-type":"","background-media":"","overlay-type":"","overlay-color":"","overlay-opacity":"","overlay-gradient":""}},"footnotes":""},"class_list":["post-1995","page","type-page","status-publish","hentry"],"_links":{"self":[{"href":"https:\/\/ideejazz.ee\/en\/wp-json\/wp\/v2\/pages\/1995","targetHints":{"allow":["GET"]}}],"collection":[{"href":"https:\/\/ideejazz.ee\/en\/wp-json\/wp\/v2\/pages"}],"about":[{"href":"https:\/\/ideejazz.ee\/en\/wp-json\/wp\/v2\/types\/page"}],"author":[{"embeddable":true,"href":"https:\/\/ideejazz.ee\/en\/wp-json\/wp\/v2\/users\/1"}],"replies":[{"embeddable":true,"href":"https:\/\/ideejazz.ee\/en\/wp-json\/wp\/v2\/comments?post=1995"}],"version-history":[{"count":43,"href":"https:\/\/ideejazz.ee\/en\/wp-json\/wp\/v2\/pages\/1995\/revisions"}],"predecessor-version":[{"id":2169,"href":"https:\/\/ideejazz.ee\/en\/wp-json\/wp\/v2\/pages\/1995\/revisions\/2169"}],"wp:attachment":[{"href":"https:\/\/ideejazz.ee\/en\/wp-json\/wp\/v2\/media?parent=1995"}],"curies":[{"name":"wp","href":"https:\/\/api.w.org\/{rel}","templated":true}]}}