{"id":2001,"date":"2025-09-02T09:47:02","date_gmt":"2025-09-02T09:47:02","guid":{"rendered":"https:\/\/ideejazz.ee\/?page_id=2001"},"modified":"2025-10-01T10:07:29","modified_gmt":"2025-10-01T10:07:29","slug":"narva","status":"publish","type":"page","link":"https:\/\/ideejazz.ee\/en\/narva\/","title":{"rendered":"Narva"},"content":{"rendered":"<div data-elementor-type=\"wp-post\" data-elementor-id=\"2001\" class=\"elementor elementor-2001\" data-elementor-post-type=\"page\">\n\t\t\t\t\t\t<section class=\"elementor-section elementor-top-section elementor-element elementor-element-8e491de elementor-section-content-middle elementor-section-boxed elementor-section-height-default elementor-section-height-default\" data-id=\"8e491de\" data-element_type=\"section\" data-e-type=\"section\" data-settings=\"{&quot;background_background&quot;:&quot;classic&quot;}\">\n\t\t\t\t\t\t\t<div class=\"elementor-background-overlay\"><\/div>\n\t\t\t\t\t\t\t<div class=\"elementor-container elementor-column-gap-no\">\n\t\t\t\t\t<div class=\"elementor-column elementor-col-100 elementor-top-column elementor-element elementor-element-fb027eb\" data-id=\"fb027eb\" data-element_type=\"column\" data-e-type=\"column\">\n\t\t\t<div class=\"elementor-widget-wrap elementor-element-populated\">\n\t\t\t\t\t\t<div class=\"elementor-element elementor-element-ec08629 elementor-hidden-desktop elementor-hidden-tablet elementor-widget elementor-widget-spacer\" data-id=\"ec08629\" data-element_type=\"widget\" data-e-type=\"widget\" data-widget_type=\"spacer.default\">\n\t\t\t\t<div class=\"elementor-widget-container\">\n\t\t\t\t\t\t\t<div class=\"elementor-spacer\">\n\t\t\t<div class=\"elementor-spacer-inner\"><\/div>\n\t\t<\/div>\n\t\t\t\t\t\t<\/div>\n\t\t\t\t<\/div>\n\t\t\t\t\t<\/div>\n\t\t<\/div>\n\t\t\t\t\t<\/div>\n\t\t<\/section>\n\t\t\t\t<section class=\"elementor-section elementor-top-section elementor-element elementor-element-9ab244a elementor-section-boxed elementor-section-height-default elementor-section-height-default\" data-id=\"9ab244a\" data-element_type=\"section\" data-e-type=\"section\">\n\t\t\t\t\t\t<div class=\"elementor-container elementor-column-gap-default\">\n\t\t\t\t\t<div class=\"elementor-column elementor-col-100 elementor-top-column elementor-element elementor-element-c56fcc7\" data-id=\"c56fcc7\" data-element_type=\"column\" data-e-type=\"column\">\n\t\t\t<div class=\"elementor-widget-wrap elementor-element-populated\">\n\t\t\t\t\t\t<div class=\"elementor-element elementor-element-b288b7a elementor-widget elementor-widget-spacer\" data-id=\"b288b7a\" data-element_type=\"widget\" data-e-type=\"widget\" data-widget_type=\"spacer.default\">\n\t\t\t\t<div class=\"elementor-widget-container\">\n\t\t\t\t\t\t\t<div class=\"elementor-spacer\">\n\t\t\t<div class=\"elementor-spacer-inner\"><\/div>\n\t\t<\/div>\n\t\t\t\t\t\t<\/div>\n\t\t\t\t<\/div>\n\t\t\t\t<div class=\"elementor-element elementor-element-c1d2283 elementor-widget elementor-widget-text-editor\" data-id=\"c1d2283\" data-element_type=\"widget\" data-e-type=\"widget\" data-widget_type=\"text-editor.default\">\n\t\t\t\t<div class=\"elementor-widget-container\">\n\t\t\t\t\t\t\t\t\t<p><span style=\"font-weight: 400;\">iDeeJazzi Narva kontserdid toimuvad tradistiooniliselt ka sel aastal piirilinna jazzikodus &#8211; <\/span><b>Tartu \u00dclikooli Narva Kolled\u017ei<\/b><span style=\"font-weight: 400;\"> mitmefunktsionaalses hoones!<\/span><\/p><p><span style=\"font-weight: 400;\">Laup\u00e4eval 1. novembril saame koos nautida <\/span><b>USA<\/b><span style=\"font-weight: 400;\"> kuulsa trompetisti <\/span><b>Jeremy Pelt<\/b><span style=\"font-weight: 400;\">\u2019i ja tema kvinteti \u00fcli\u00e4gedat kontserti! Jeremy b\u00e4ndikaaslased on Ameerika t\u00f5elised jazzimeistrid, instrumentide valikus on lisaks harjumusp\u00e4rasele kvartetile ka \u017eanris harva kasutatav instrument &#8211; vibrafon, mille \u00fclivirtuooset k\u00e4sitlust kuuleme <\/span><b>Jalen Baker<\/b><span style=\"font-weight: 400;\">i esituses.<\/span><\/p><p><span style=\"font-weight: 400;\">Festivali p\u00e4eva alustab aga <\/span><b>Prantsusmaa, Saksamaa <\/b><span style=\"font-weight: 400;\">ja<\/span><b> Luxemburgi<\/b><span style=\"font-weight: 400;\"> jazzitippude kooslus \u201cSingul\u00e4r\u201d, mille koossisus kuuleme selliste fantastiliste muusikute improvisatsioone nagu <\/span><b>Sebastian Studnitzky, Edward Perraud <\/b><span style=\"font-weight: 400;\">ja <\/span><b>Pascal Schumacher<\/b><span style=\"font-weight: 400;\">. Ka selles koosluses on kasutuses lisaks trompetile, klaverile ja l\u00f6\u00f6kriistadele jazzi jaoks eriline pill vibrafon!<\/span><\/p><p><strong>Ajakava<\/strong>:<\/p><p><b>Tartu \u00dclikooli Narva Kolled\u017e, Rakoja plats 2, Narva<\/b><\/p>\t\t\t\t\t\t\t\t<\/div>\n\t\t\t\t<\/div>\n\t\t\t\t\t<\/div>\n\t\t<\/div>\n\t\t\t\t\t<\/div>\n\t\t<\/section>\n\t\t\t\t<section class=\"elementor-section elementor-top-section elementor-element elementor-element-cf7248b elementor-section-boxed elementor-section-height-default elementor-section-height-default\" data-id=\"cf7248b\" data-element_type=\"section\" data-e-type=\"section\">\n\t\t\t\t\t\t<div class=\"elementor-container elementor-column-gap-default\">\n\t\t\t\t\t<div class=\"elementor-column elementor-col-33 elementor-top-column elementor-element elementor-element-ba18527\" data-id=\"ba18527\" data-element_type=\"column\" data-e-type=\"column\">\n\t\t\t<div class=\"elementor-widget-wrap\">\n\t\t\t\t\t\t\t<\/div>\n\t\t<\/div>\n\t\t\t\t<div class=\"elementor-column elementor-col-33 elementor-top-column elementor-element elementor-element-1512f50\" data-id=\"1512f50\" data-element_type=\"column\" data-e-type=\"column\">\n\t\t\t<div class=\"elementor-widget-wrap elementor-element-populated\">\n\t\t\t\t\t\t<div class=\"elementor-element elementor-element-f6f212a elementor-widget elementor-widget-text-editor\" data-id=\"f6f212a\" data-element_type=\"widget\" data-e-type=\"widget\" data-widget_type=\"text-editor.default\">\n\t\t\t\t<div class=\"elementor-widget-container\">\n\t\t\t\t\t\t\t\t\t<p><span style=\"font-weight: 400;\"><b>01.11 <\/b>kell 18:00 Sing\u00fclar (Luxemburg, Saksamaa, Prantsusmaa)<\/span><\/p><p><span style=\"font-weight: 400;\"><b>01.11 <\/b>kell 19:30 Jeremy Pelt Quintet (USA)<\/span><\/p>\t\t\t\t\t\t\t\t<\/div>\n\t\t\t\t<\/div>\n\t\t\t\t<div class=\"elementor-element elementor-element-d9b0e1c elementor-align-center elementor-widget elementor-widget-button\" data-id=\"d9b0e1c\" data-element_type=\"widget\" data-e-type=\"widget\" data-widget_type=\"button.default\">\n\t\t\t\t<div class=\"elementor-widget-container\">\n\t\t\t\t\t\t\t\t\t<div class=\"elementor-button-wrapper\">\n\t\t\t\t\t<a class=\"elementor-button elementor-button-link elementor-size-sm\" href=\"https:\/\/piletikeskus.ee\/et\/e\/u76eqi\" target=\"_blank\">\n\t\t\t\t\t\t<span class=\"elementor-button-content-wrapper\">\n\t\t\t\t\t\t\t\t\t<span class=\"elementor-button-text\">Tickets<\/span>\n\t\t\t\t\t<\/span>\n\t\t\t\t\t<\/a>\n\t\t\t\t<\/div>\n\t\t\t\t\t\t\t\t<\/div>\n\t\t\t\t<\/div>\n\t\t\t\t\t<\/div>\n\t\t<\/div>\n\t\t\t\t<div class=\"elementor-column elementor-col-33 elementor-top-column elementor-element elementor-element-57350c5\" data-id=\"57350c5\" data-element_type=\"column\" data-e-type=\"column\">\n\t\t\t<div class=\"elementor-widget-wrap\">\n\t\t\t\t\t\t\t<\/div>\n\t\t<\/div>\n\t\t\t\t\t<\/div>\n\t\t<\/section>\n\t\t\t\t<section class=\"elementor-section elementor-top-section elementor-element elementor-element-e3fb06a elementor-section-boxed elementor-section-height-default elementor-section-height-default\" data-id=\"e3fb06a\" data-element_type=\"section\" data-e-type=\"section\">\n\t\t\t\t\t\t<div class=\"elementor-container elementor-column-gap-default\">\n\t\t\t\t\t<div class=\"elementor-column elementor-col-100 elementor-top-column elementor-element elementor-element-ec63b39\" data-id=\"ec63b39\" data-element_type=\"column\" data-e-type=\"column\">\n\t\t\t<div class=\"elementor-widget-wrap elementor-element-populated\">\n\t\t\t\t\t\t<div class=\"elementor-element elementor-element-8a5880a elementor-widget elementor-widget-spacer\" data-id=\"8a5880a\" data-element_type=\"widget\" data-e-type=\"widget\" data-widget_type=\"spacer.default\">\n\t\t\t\t<div class=\"elementor-widget-container\">\n\t\t\t\t\t\t\t<div class=\"elementor-spacer\">\n\t\t\t<div class=\"elementor-spacer-inner\"><\/div>\n\t\t<\/div>\n\t\t\t\t\t\t<\/div>\n\t\t\t\t<\/div>\n\t\t\t\t\t<\/div>\n\t\t<\/div>\n\t\t\t\t\t<\/div>\n\t\t<\/section>\n\t\t\t\t<section class=\"elementor-section elementor-top-section elementor-element elementor-element-d56ea5e elementor-section-boxed elementor-section-height-default elementor-section-height-default\" data-id=\"d56ea5e\" data-element_type=\"section\" data-e-type=\"section\">\n\t\t\t\t\t\t<div class=\"elementor-container elementor-column-gap-default\">\n\t\t\t\t\t<div class=\"elementor-column elementor-col-100 elementor-top-column elementor-element elementor-element-bef4122\" data-id=\"bef4122\" data-element_type=\"column\" data-e-type=\"column\">\n\t\t\t<div class=\"elementor-widget-wrap elementor-element-populated\">\n\t\t\t\t\t\t<div class=\"elementor-element elementor-element-cc5e9c5 elementor-widget elementor-widget-image\" data-id=\"cc5e9c5\" data-element_type=\"widget\" data-e-type=\"widget\" data-widget_type=\"image.default\">\n\t\t\t\t<div class=\"elementor-widget-container\">\n\t\t\t\t\t\t\t\t\t\t\t\t\t\t\t<img fetchpriority=\"high\" decoding=\"async\" width=\"1600\" height=\"900\" src=\"https:\/\/ideejazz.ee\/wp-content\/uploads\/2025\/10\/WhatsApp-Image-2025-10-01-at-12.03.50.jpeg\" class=\"attachment-full size-full wp-image-2149\" alt=\"\" srcset=\"https:\/\/ideejazz.ee\/wp-content\/uploads\/2025\/10\/WhatsApp-Image-2025-10-01-at-12.03.50.jpeg 1600w, https:\/\/ideejazz.ee\/wp-content\/uploads\/2025\/10\/WhatsApp-Image-2025-10-01-at-12.03.50-300x169.jpeg 300w, https:\/\/ideejazz.ee\/wp-content\/uploads\/2025\/10\/WhatsApp-Image-2025-10-01-at-12.03.50-1024x576.jpeg 1024w, https:\/\/ideejazz.ee\/wp-content\/uploads\/2025\/10\/WhatsApp-Image-2025-10-01-at-12.03.50-768x432.jpeg 768w, https:\/\/ideejazz.ee\/wp-content\/uploads\/2025\/10\/WhatsApp-Image-2025-10-01-at-12.03.50-1536x864.jpeg 1536w, https:\/\/ideejazz.ee\/wp-content\/uploads\/2025\/10\/WhatsApp-Image-2025-10-01-at-12.03.50-18x10.jpeg 18w\" sizes=\"(max-width: 1600px) 100vw, 1600px\" \/>\t\t\t\t\t\t\t\t\t\t\t\t\t\t\t<\/div>\n\t\t\t\t<\/div>\n\t\t\t\t\t<\/div>\n\t\t<\/div>\n\t\t\t\t\t<\/div>\n\t\t<\/section>\n\t\t\t\t<\/div>","protected":false},"excerpt":{"rendered":"<p>iDeeJazzi Narva kontserdid toimuvad tradistiooniliselt ka sel aastal piirilinna jazzikodus &#8211; Tartu \u00dclikooli Narva Kolled\u017ei mitmefunktsionaalses hoones! Laup\u00e4eval 1. novembril saame koos nautida USA kuulsa trompetisti Jeremy Pelt\u2019i ja tema kvinteti \u00fcli\u00e4gedat kontserti! Jeremy b\u00e4ndikaaslased on Ameerika t\u00f5elised jazzimeistrid, instrumentide valikus on lisaks harjumusp\u00e4rasele kvartetile ka \u017eanris harva kasutatav instrument &#8211; vibrafon, mille \u00fclivirtuooset k\u00e4sitlust [&hellip;]<\/p>\n","protected":false},"author":1,"featured_media":0,"parent":0,"menu_order":0,"comment_status":"closed","ping_status":"closed","template":"","meta":{"site-sidebar-layout":"no-sidebar","site-content-layout":"page-builder","ast-site-content-layout":"default","site-content-style":"default","site-sidebar-style":"default","ast-global-header-display":"","ast-banner-title-visibility":"","ast-main-header-display":"","ast-hfb-above-header-display":"","ast-hfb-below-header-display":"","ast-hfb-mobile-header-display":"","site-post-title":"disabled","ast-breadcrumbs-content":"","ast-featured-img":"disabled","footer-sml-layout":"","ast-disable-related-posts":"","theme-transparent-header-meta":"enabled","adv-header-id-meta":"","stick-header-meta":"","header-above-stick-meta":"","header-main-stick-meta":"","header-below-stick-meta":"","astra-migrate-meta-layouts":"default","ast-page-background-enabled":"default","ast-page-background-meta":{"desktop":{"background-color":"","background-image":"","background-repeat":"repeat","background-position":"center center","background-size":"auto","background-attachment":"scroll","background-type":"","background-media":"","overlay-type":"","overlay-color":"","overlay-opacity":"","overlay-gradient":""},"tablet":{"background-color":"","background-image":"","background-repeat":"repeat","background-position":"center center","background-size":"auto","background-attachment":"scroll","background-type":"","background-media":"","overlay-type":"","overlay-color":"","overlay-opacity":"","overlay-gradient":""},"mobile":{"background-color":"","background-image":"","background-repeat":"repeat","background-position":"center center","background-size":"auto","background-attachment":"scroll","background-type":"","background-media":"","overlay-type":"","overlay-color":"","overlay-opacity":"","overlay-gradient":""}},"ast-content-background-meta":{"desktop":{"background-color":"var(--ast-global-color-5)","background-image":"","background-repeat":"repeat","background-position":"center center","background-size":"auto","background-attachment":"scroll","background-type":"","background-media":"","overlay-type":"","overlay-color":"","overlay-opacity":"","overlay-gradient":""},"tablet":{"background-color":"var(--ast-global-color-5)","background-image":"","background-repeat":"repeat","background-position":"center center","background-size":"auto","background-attachment":"scroll","background-type":"","background-media":"","overlay-type":"","overlay-color":"","overlay-opacity":"","overlay-gradient":""},"mobile":{"background-color":"var(--ast-global-color-5)","background-image":"","background-repeat":"repeat","background-position":"center center","background-size":"auto","background-attachment":"scroll","background-type":"","background-media":"","overlay-type":"","overlay-color":"","overlay-opacity":"","overlay-gradient":""}},"footnotes":""},"class_list":["post-2001","page","type-page","status-publish","hentry"],"_links":{"self":[{"href":"https:\/\/ideejazz.ee\/en\/wp-json\/wp\/v2\/pages\/2001","targetHints":{"allow":["GET"]}}],"collection":[{"href":"https:\/\/ideejazz.ee\/en\/wp-json\/wp\/v2\/pages"}],"about":[{"href":"https:\/\/ideejazz.ee\/en\/wp-json\/wp\/v2\/types\/page"}],"author":[{"embeddable":true,"href":"https:\/\/ideejazz.ee\/en\/wp-json\/wp\/v2\/users\/1"}],"replies":[{"embeddable":true,"href":"https:\/\/ideejazz.ee\/en\/wp-json\/wp\/v2\/comments?post=2001"}],"version-history":[{"count":55,"href":"https:\/\/ideejazz.ee\/en\/wp-json\/wp\/v2\/pages\/2001\/revisions"}],"predecessor-version":[{"id":2152,"href":"https:\/\/ideejazz.ee\/en\/wp-json\/wp\/v2\/pages\/2001\/revisions\/2152"}],"wp:attachment":[{"href":"https:\/\/ideejazz.ee\/en\/wp-json\/wp\/v2\/media?parent=2001"}],"curies":[{"name":"wp","href":"https:\/\/api.w.org\/{rel}","templated":true}]}}